{"id":6159,"date":"2021-02-16T09:08:54","date_gmt":"2021-02-16T08:08:54","guid":{"rendered":"http:\/\/vhjpdto.cluster030.hosting.ovh.net\/?page_id=6159"},"modified":"2021-07-22T10:34:57","modified_gmt":"2021-07-22T08:34:57","slug":"tunnel-de-lave-contact","status":"publish","type":"page","link":"https:\/\/www.tunnelsdelave.fr\/index.php\/tunnel-de-lave-contact\/","title":{"rendered":"Contact a zot !"},"content":{"rendered":"[vc_row type=\u00a0\u00bbfull_width_content\u00a0\u00bb full_screen_row_position=\u00a0\u00bbmiddle\u00a0\u00bb column_margin=\u00a0\u00bbdefault\u00a0\u00bb column_direction=\u00a0\u00bbdefault\u00a0\u00bb column_direction_tablet=\u00a0\u00bbdefault\u00a0\u00bb column_direction_phone=\u00a0\u00bbdefault\u00a0\u00bb bg_color=\u00a0\u00bb#ffffff\u00a0\u00bb scene_position=\u00a0\u00bbcenter\u00a0\u00bb top_padding=\u00a0\u00bb3%\u00a0\u00bb constrain_group_1=\u00a0\u00bbyes\u00a0\u00bb bottom_padding=\u00a0\u00bb3%\u00a0\u00bb text_color=\u00a0\u00bblight\u00a0\u00bb text_align=\u00a0\u00bbleft\u00a0\u00bb row_border_radius=\u00a0\u00bbnone\u00a0\u00bb row_border_radius_applies=\u00a0\u00bbbg\u00a0\u00bb zindex=\u00a0\u00bb100&Prime; id=\u00a0\u00bbbeliefs\u00a0\u00bb overlay_strength=\u00a0\u00bb0.3&Prime; gradient_direction=\u00a0\u00bbleft_to_right\u00a0\u00bb shape_divider_position=\u00a0\u00bbbottom\u00a0\u00bb bg_image_animation=\u00a0\u00bbnone\u00a0\u00bb shape_type=\u00a0\u00bb\u00a0\u00bb][vc_column column_padding=\u00a0\u00bbno-extra-padding\u00a0\u00bb column_padding_tablet=\u00a0\u00bbinherit\u00a0\u00bb column_padding_phone=\u00a0\u00bbinherit\u00a0\u00bb column_padding_position=\u00a0\u00bball\u00a0\u00bb background_color_opacity=\u00a0\u00bb1&Prime; background_hover_color_opacity=\u00a0\u00bb1&Prime; column_shadow=\u00a0\u00bbnone\u00a0\u00bb column_border_radius=\u00a0\u00bbnone\u00a0\u00bb column_link_target=\u00a0\u00bb_self\u00a0\u00bb gradient_direction=\u00a0\u00bbleft_to_right\u00a0\u00bb overlay_strength=\u00a0\u00bb0.3&Prime; width=\u00a0\u00bb1\/1&Prime; tablet_width_inherit=\u00a0\u00bbdefault\u00a0\u00bb tablet_text_alignment=\u00a0\u00bbdefault\u00a0\u00bb phone_text_alignment=\u00a0\u00bbdefault\u00a0\u00bb column_border_width=\u00a0\u00bbnone\u00a0\u00bb column_border_style=\u00a0\u00bbsolid\u00a0\u00bb bg_image_animation=\u00a0\u00bbnone\u00a0\u00bb][vc_row_inner column_margin=\u00a0\u00bbdefault\u00a0\u00bb column_direction=\u00a0\u00bbdefault\u00a0\u00bb column_direction_tablet=\u00a0\u00bbdefault\u00a0\u00bb column_direction_phone=\u00a0\u00bbdefault\u00a0\u00bb text_align=\u00a0\u00bbleft\u00a0\u00bb][vc_column_inner column_padding=\u00a0\u00bbno-extra-padding\u00a0\u00bb column_padding_tablet=\u00a0\u00bbinherit\u00a0\u00bb column_padding_phone=\u00a0\u00bbinherit\u00a0\u00bb column_padding_position=\u00a0\u00bball\u00a0\u00bb background_color_opacity=\u00a0\u00bb1&Prime; background_hover_color_opacity=\u00a0\u00bb1&Prime; column_shadow=\u00a0\u00bbnone\u00a0\u00bb column_border_radius=\u00a0\u00bbnone\u00a0\u00bb column_link_target=\u00a0\u00bb_self\u00a0\u00bb gradient_direction=\u00a0\u00bbleft_to_right\u00a0\u00bb overlay_strength=\u00a0\u00bb0.3&Prime; width=\u00a0\u00bb1\/1&Prime; tablet_width_inherit=\u00a0\u00bbdefault\u00a0\u00bb column_border_width=\u00a0\u00bbnone\u00a0\u00bb column_border_style=\u00a0\u00bbsolid\u00a0\u00bb bg_image_animation=\u00a0\u00bbnone\u00a0\u00bb][nectar_scrolling_text scroll_direction=\u00a0\u00bbltr\u00a0\u00bb scroll_speed=\u00a0\u00bbslow\u00a0\u00bb text_color=\u00a0\u00bb#595959&Prime; style=\u00a0\u00bbtext_outline\u00a0\u00bb outline_thickness=\u00a0\u00bbthin\u00a0\u00bb text_repeat_number=\u00a0\u00bb3&Prime; text_repeat_divider=\u00a0\u00bbnone\u00a0\u00bb overflow=\u00a0\u00bbhidden\u00a0\u00bb background_image_url=\u00a0\u00bb6163&Prime; background_image_animation=\u00a0\u00bbro-reveal-from-bottom\u00a0\u00bb separate_text_coloring=\u00a0\u00bbtrue\u00a0\u00bb text_color_front=\u00a0\u00bb#ffffff\u00a0\u00bb scroll_functionality=\u00a0\u00bbautomatic\u00a0\u00bb custom_font_size=\u00a0\u00bb15vh\u00a0\u00bb custom_font_size_mobile=\u00a0\u00bb11vw\u00a0\u00bb background_image_height=\u00a0\u00bb55vh\u00a0\u00bb]\n<h2><i>Salut, c&rsquo;est Fred &amp; ludo, on vous recontacte d\u00e8s qu&rsquo;on sort du tunnel !<\/i><\/h2>\n[\/nectar_scrolling_text][\/vc_column_inner][\/vc_row_inner][\/vc_column][\/vc_row][vc_row type=\u00a0\u00bbin_container\u00a0\u00bb full_screen_row_position=\u00a0\u00bbmiddle\u00a0\u00bb column_margin=\u00a0\u00bbdefault\u00a0\u00bb column_direction=\u00a0\u00bbdefault\u00a0\u00bb column_direction_tablet=\u00a0\u00bbdefault\u00a0\u00bb column_direction_phone=\u00a0\u00bbdefault\u00a0\u00bb scene_position=\u00a0\u00bbcenter\u00a0\u00bb text_color=\u00a0\u00bbdark\u00a0\u00bb text_align=\u00a0\u00bbleft\u00a0\u00bb row_border_radius=\u00a0\u00bbnone\u00a0\u00bb row_border_radius_applies=\u00a0\u00bbbg\u00a0\u00bb overlay_strength=\u00a0\u00bb0.3&Prime; gradient_direction=\u00a0\u00bbleft_to_right\u00a0\u00bb shape_divider_position=\u00a0\u00bbbottom\u00a0\u00bb bg_image_animation=\u00a0\u00bbnone\u00a0\u00bb][vc_column column_padding=\u00a0\u00bbno-extra-padding\u00a0\u00bb column_padding_tablet=\u00a0\u00bbinherit\u00a0\u00bb column_padding_phone=\u00a0\u00bbinherit\u00a0\u00bb column_padding_position=\u00a0\u00bball\u00a0\u00bb background_color_opacity=\u00a0\u00bb1&Prime; background_hover_color_opacity=\u00a0\u00bb1&Prime; column_shadow=\u00a0\u00bbnone\u00a0\u00bb column_border_radius=\u00a0\u00bbnone\u00a0\u00bb column_link_target=\u00a0\u00bb_self\u00a0\u00bb gradient_direction=\u00a0\u00bbleft_to_right\u00a0\u00bb overlay_strength=\u00a0\u00bb0.3&Prime; width=\u00a0\u00bb1\/1&Prime; tablet_width_inherit=\u00a0\u00bbdefault\u00a0\u00bb tablet_text_alignment=\u00a0\u00bbdefault\u00a0\u00bb phone_text_alignment=\u00a0\u00bbdefault\u00a0\u00bb column_border_width=\u00a0\u00bbnone\u00a0\u00bb column_border_style=\u00a0\u00bbsolid\u00a0\u00bb bg_image_animation=\u00a0\u00bbnone\u00a0\u00bb][vc_raw_html]JTVCd3Bmb3JtcyUyMGlkJTNEJTIyNjI3MCUyMiUyMHRpdGxlJTNEJTIyZmFsc2UlMjIlNUQ=[\/vc_raw_html][\/vc_column][\/vc_row]\n","protected":false},"excerpt":{"rendered":"<p>[vc_row type=\u00a0\u00bbfull_width_content\u00a0\u00bb full_screen_row_position=\u00a0\u00bbmiddle\u00a0\u00bb column_margin=\u00a0\u00bbdefault\u00a0\u00bb column_direction=\u00a0\u00bbdefault\u00a0\u00bb column_direction_tablet=\u00a0\u00bbdefault\u00a0\u00bb column_direction_phone=\u00a0\u00bbdefault\u00a0\u00bb bg_color=\u00a0\u00bb#ffffff\u00a0\u00bb scene_position=\u00a0\u00bbcenter\u00a0\u00bb top_padding=\u00a0\u00bb3%\u00a0\u00bb constrain_group_1=\u00a0\u00bbyes\u00a0\u00bb bottom_padding=\u00a0\u00bb3%\u00a0\u00bb text_color=\u00a0\u00bblight\u00a0\u00bb text_align=\u00a0\u00bbleft\u00a0\u00bb row_border_radius=\u00a0\u00bbnone\u00a0\u00bb row_border_radius_applies=\u00a0\u00bbbg\u00a0\u00bb zindex=\u00a0\u00bb100&Prime; id=\u00a0\u00bbbeliefs\u00a0\u00bb overlay_strength=\u00a0\u00bb0.3&Prime; gradient_direction=\u00a0\u00bbleft_to_right\u00a0\u00bb shape_divider_position=\u00a0\u00bbbottom\u00a0\u00bb bg_image_animation=\u00a0\u00bbnone\u00a0\u00bb shape_type=\u00a0\u00bb\u00a0\u00bb][vc_column column_padding=\u00a0\u00bbno-extra-padding\u00a0\u00bb column_padding_tablet=\u00a0\u00bbinherit\u00a0\u00bb column_padding_phone=\u00a0\u00bbinherit\u00a0\u00bb column_padding_position=\u00a0\u00bball\u00a0\u00bb background_color_opacity=\u00a0\u00bb1&Prime; background_hover_color_opacity=\u00a0\u00bb1&Prime; column_shadow=\u00a0\u00bbnone\u00a0\u00bb&#8230;<\/p>\n","protected":false},"author":1,"featured_media":6260,"parent":0,"menu_order":0,"comment_status":"closed","ping_status":"closed","template":"","meta":{"footnotes":""},"class_list":["post-6159","page","type-page","status-publish","has-post-thumbnail"],"yoast_head":"<!-- This site is optimized with the Yoast SEO plugin v20.0 - https:\/\/yoast.com\/wordpress\/plugins\/seo\/ -->\n<title>Contact a zot ! - Tunnels de lave R\u00e9union - Fred et Ludo<\/title>\n<meta name=\"description\" content=\"Contactez-nous pour r\u00e9server un tunnel de lave \u00e0 la R\u00e9union - Tunnels de Lave - excursion - \u00eele De La R\u00e9union\" \/>\n<meta name=\"robots\" content=\"index, follow, max-snippet:-1, max-image-preview:large, max-video-preview:-1\" \/>\n<link rel=\"canonical\" href=\"https:\/\/www.tunnelsdelave.fr\/index.php\/tunnel-de-lave-contact\/\" \/>\n<meta property=\"og:locale\" content=\"fr_FR\" \/>\n<meta property=\"og:type\" content=\"article\" \/>\n<meta property=\"og:title\" content=\"Contact a zot ! - Tunnels de lave R\u00e9union - Fred et Ludo\" \/>\n<meta property=\"og:description\" content=\"Contactez-nous pour r\u00e9server un tunnel de lave \u00e0 la R\u00e9union - Tunnels de Lave - excursion - \u00eele De La R\u00e9union\" \/>\n<meta property=\"og:url\" content=\"https:\/\/www.tunnelsdelave.fr\/index.php\/tunnel-de-lave-contact\/\" \/>\n<meta property=\"og:site_name\" content=\"Tunnels de lave R\u00e9union - Fred et Ludo\" \/>\n<meta property=\"article:modified_time\" content=\"2021-07-22T08:34:57+00:00\" \/>\n<meta property=\"og:image\" content=\"https:\/\/www.tunnelsdelave.fr\/wp-content\/uploads\/2021\/03\/Logo-500x500-px.png\" \/>\n\t<meta property=\"og:image:width\" content=\"500\" \/>\n\t<meta property=\"og:image:height\" content=\"500\" \/>\n\t<meta property=\"og:image:type\" content=\"image\/png\" \/>\n<meta name=\"twitter:card\" content=\"summary_large_image\" \/>\n<meta name=\"twitter:label1\" content=\"Dur\u00e9e de lecture estim\u00e9e\" \/>\n\t<meta name=\"twitter:data1\" content=\"2 minutes\" \/>\n<script type=\"application\/ld+json\" class=\"yoast-schema-graph\">{\"@context\":\"https:\/\/schema.org\",\"@graph\":[{\"@type\":\"WebPage\",\"@id\":\"https:\/\/www.tunnelsdelave.fr\/index.php\/tunnel-de-lave-contact\/\",\"url\":\"https:\/\/www.tunnelsdelave.fr\/index.php\/tunnel-de-lave-contact\/\",\"name\":\"Contact a zot ! - Tunnels de lave R\u00e9union - Fred et Ludo\",\"isPartOf\":{\"@id\":\"https:\/\/www.tunnelsdelave.fr\/#website\"},\"datePublished\":\"2021-02-16T08:08:54+00:00\",\"dateModified\":\"2021-07-22T08:34:57+00:00\",\"description\":\"Contactez-nous pour r\u00e9server un tunnel de lave \u00e0 la R\u00e9union - Tunnels de Lave - excursion - \u00eele De La R\u00e9union\",\"breadcrumb\":{\"@id\":\"https:\/\/www.tunnelsdelave.fr\/index.php\/tunnel-de-lave-contact\/#breadcrumb\"},\"inLanguage\":\"fr-FR\",\"potentialAction\":[{\"@type\":\"ReadAction\",\"target\":[\"https:\/\/www.tunnelsdelave.fr\/index.php\/tunnel-de-lave-contact\/\"]}]},{\"@type\":\"BreadcrumbList\",\"@id\":\"https:\/\/www.tunnelsdelave.fr\/index.php\/tunnel-de-lave-contact\/#breadcrumb\",\"itemListElement\":[{\"@type\":\"ListItem\",\"position\":1,\"name\":\"Accueil\",\"item\":\"https:\/\/www.tunnelsdelave.fr\/\"},{\"@type\":\"ListItem\",\"position\":2,\"name\":\"Contact a zot !\"}]},{\"@type\":\"WebSite\",\"@id\":\"https:\/\/www.tunnelsdelave.fr\/#website\",\"url\":\"https:\/\/www.tunnelsdelave.fr\/\",\"name\":\"Tunnels de lave R\u00e9union - Fred et Ludo\",\"description\":\"D\u00e9couvrez les tunnels de lave \u00e0 la R\u00e9union et vivez une exp\u00e9rience unique.\",\"potentialAction\":[{\"@type\":\"SearchAction\",\"target\":{\"@type\":\"EntryPoint\",\"urlTemplate\":\"https:\/\/www.tunnelsdelave.fr\/?s={search_term_string}\"},\"query-input\":\"required name=search_term_string\"}],\"inLanguage\":\"fr-FR\"}]}<\/script>\n<!-- \/ Yoast SEO plugin. -->","yoast_head_json":{"title":"Contact a zot ! - Tunnels de lave R\u00e9union - Fred et Ludo","description":"Contactez-nous pour r\u00e9server un tunnel de lave \u00e0 la R\u00e9union - Tunnels de Lave - excursion - \u00eele De La R\u00e9union","robots":{"index":"index","follow":"follow","max-snippet":"max-snippet:-1","max-image-preview":"max-image-preview:large","max-video-preview":"max-video-preview:-1"},"canonical":"https:\/\/www.tunnelsdelave.fr\/index.php\/tunnel-de-lave-contact\/","og_locale":"fr_FR","og_type":"article","og_title":"Contact a zot ! - Tunnels de lave R\u00e9union - Fred et Ludo","og_description":"Contactez-nous pour r\u00e9server un tunnel de lave \u00e0 la R\u00e9union - Tunnels de Lave - excursion - \u00eele De La R\u00e9union","og_url":"https:\/\/www.tunnelsdelave.fr\/index.php\/tunnel-de-lave-contact\/","og_site_name":"Tunnels de lave R\u00e9union - Fred et Ludo","article_modified_time":"2021-07-22T08:34:57+00:00","og_image":[{"width":500,"height":500,"url":"https:\/\/www.tunnelsdelave.fr\/wp-content\/uploads\/2021\/03\/Logo-500x500-px.png","type":"image\/png"}],"twitter_card":"summary_large_image","twitter_misc":{"Dur\u00e9e de lecture estim\u00e9e":"2 minutes"},"schema":{"@context":"https:\/\/schema.org","@graph":[{"@type":"WebPage","@id":"https:\/\/www.tunnelsdelave.fr\/index.php\/tunnel-de-lave-contact\/","url":"https:\/\/www.tunnelsdelave.fr\/index.php\/tunnel-de-lave-contact\/","name":"Contact a zot ! - Tunnels de lave R\u00e9union - Fred et Ludo","isPartOf":{"@id":"https:\/\/www.tunnelsdelave.fr\/#website"},"datePublished":"2021-02-16T08:08:54+00:00","dateModified":"2021-07-22T08:34:57+00:00","description":"Contactez-nous pour r\u00e9server un tunnel de lave \u00e0 la R\u00e9union - Tunnels de Lave - excursion - \u00eele De La R\u00e9union","breadcrumb":{"@id":"https:\/\/www.tunnelsdelave.fr\/index.php\/tunnel-de-lave-contact\/#breadcrumb"},"inLanguage":"fr-FR","potentialAction":[{"@type":"ReadAction","target":["https:\/\/www.tunnelsdelave.fr\/index.php\/tunnel-de-lave-contact\/"]}]},{"@type":"BreadcrumbList","@id":"https:\/\/www.tunnelsdelave.fr\/index.php\/tunnel-de-lave-contact\/#breadcrumb","itemListElement":[{"@type":"ListItem","position":1,"name":"Accueil","item":"https:\/\/www.tunnelsdelave.fr\/"},{"@type":"ListItem","position":2,"name":"Contact a zot !"}]},{"@type":"WebSite","@id":"https:\/\/www.tunnelsdelave.fr\/#website","url":"https:\/\/www.tunnelsdelave.fr\/","name":"Tunnels de lave R\u00e9union - Fred et Ludo","description":"D\u00e9couvrez les tunnels de lave \u00e0 la R\u00e9union et vivez une exp\u00e9rience unique.","potentialAction":[{"@type":"SearchAction","target":{"@type":"EntryPoint","urlTemplate":"https:\/\/www.tunnelsdelave.fr\/?s={search_term_string}"},"query-input":"required name=search_term_string"}],"inLanguage":"fr-FR"}]}},"_links":{"self":[{"href":"https:\/\/www.tunnelsdelave.fr\/index.php\/wp-json\/wp\/v2\/pages\/6159","targetHints":{"allow":["GET"]}}],"collection":[{"href":"https:\/\/www.tunnelsdelave.fr\/index.php\/wp-json\/wp\/v2\/pages"}],"about":[{"href":"https:\/\/www.tunnelsdelave.fr\/index.php\/wp-json\/wp\/v2\/types\/page"}],"author":[{"embeddable":true,"href":"https:\/\/www.tunnelsdelave.fr\/index.php\/wp-json\/wp\/v2\/users\/1"}],"replies":[{"embeddable":true,"href":"https:\/\/www.tunnelsdelave.fr\/index.php\/wp-json\/wp\/v2\/comments?post=6159"}],"version-history":[{"count":15,"href":"https:\/\/www.tunnelsdelave.fr\/index.php\/wp-json\/wp\/v2\/pages\/6159\/revisions"}],"predecessor-version":[{"id":6271,"href":"https:\/\/www.tunnelsdelave.fr\/index.php\/wp-json\/wp\/v2\/pages\/6159\/revisions\/6271"}],"wp:featuredmedia":[{"embeddable":true,"href":"https:\/\/www.tunnelsdelave.fr\/index.php\/wp-json\/wp\/v2\/media\/6260"}],"wp:attachment":[{"href":"https:\/\/www.tunnelsdelave.fr\/index.php\/wp-json\/wp\/v2\/media?parent=6159"}],"curies":[{"name":"wp","href":"https:\/\/api.w.org\/{rel}","templated":true}]}}